{"id":5666,"date":"2022-05-29T12:23:06","date_gmt":"2022-05-29T12:23:06","guid":{"rendered":"https:\/\/godbeyond.com\/about-me\/"},"modified":"2022-05-29T13:55:50","modified_gmt":"2022-05-29T13:55:50","slug":"about-me","status":"publish","type":"page","link":"https:\/\/godbeyond.com\/es\/about-me\/","title":{"rendered":"About Me"},"content":{"rendered":"<p>[vc_row content_placement=\u00bbmiddle\u00bb enable_content_animation=\u00bbyes\u00bb ca_init_scale_x=\u00bb1&#8243; ca_init_scale_y=\u00bb1&#8243; ca_init_opacity=\u00bb0&#8243; ca_an_scale_x=\u00bb1&#8243; ca_an_scale_y=\u00bb1&#8243; ca_an_opacity=\u00bb1&#8243; bg_position=\u00bbcustom\u00bb css=\u00bb.vc_custom_1653828400339{padding-top: 80px !important;padding-bottom: 80px !important;background-color: #020202 !important;}\u00bb ca_duration=\u00bb1600&#8243; ca_delay=\u00bb180&#8243; ca_init_translate_x=\u00bb0&#8243; ca_init_translate_y=\u00bb60&#8243; responsive_css=\u00bbpadding_top_medium:120px|padding_bottom_medium:120px\u00bb bg_pos_h=\u00bb20vw\u00bb bg_pos_v=\u00bb0%\u00bb][vc_column width=\u00bb3\/4&#8243;]<style>.ld_fancy_heading_69f4492c1ed29 h2{color:rgb(234, 178, 93);}.ld_fancy_heading_69f4492c1ed29 h2 {font-size:35.5vw; } @media (min-width: 768px) { .ld_fancy_heading_69f4492c1ed29 h2 {font-size:210px; }  } @media (min-width: 992px) { .ld_fancy_heading_69f4492c1ed29 h2 {font-size:300px; }  } @media (min-width: 1200px) { .ld_fancy_heading_69f4492c1ed29 h2 {font-size:370px; }  } .ld_fancy_heading_69f4492c1ed29 h2 {line-height:0.73em; } .ld_fancy_heading_69f4492c1ed29 h2 {--element-line-height:0.73em; } .ld_fancy_heading_69f4492c1ed29 h2 {font-weight:500; } .ld_fancy_heading_69f4492c1ed29 h2 {letter-spacing:-0.05em; } .ld_fancy_heading_69f4492c1ed29 h2 {margin-bottom:0.25em !important;  } @media (min-width: 992px) { .ld_fancy_heading_69f4492c1ed29 h2 {margin-bottom:0px !important;  }  } .ld_fancy_heading_69f4492c1ed29 .lqd-highlight-inner{height:0.275em!important;bottom:0px!important;}.ld_fancy_heading_69f4492c1ed29 h2 {font-size:35.5vw; } @media (min-width: 768px) { .ld_fancy_heading_69f4492c1ed29 h2 {font-size:210px; }  } @media (min-width: 992px) { .ld_fancy_heading_69f4492c1ed29 h2 {font-size:300px; }  } @media (min-width: 1200px) { .ld_fancy_heading_69f4492c1ed29 h2 {font-size:370px; }  } .ld_fancy_heading_69f4492c1ed29 h2 {line-height:0.73em; } .ld_fancy_heading_69f4492c1ed29 h2 {--element-line-height:0.73em; } .ld_fancy_heading_69f4492c1ed29 h2 {font-weight:500; } .ld_fancy_heading_69f4492c1ed29 h2 {letter-spacing:-0.05em; } .ld_fancy_heading_69f4492c1ed29 h2 {margin-bottom:0.25em !important;  } @media (min-width: 992px) { .ld_fancy_heading_69f4492c1ed29 h2 {margin-bottom:0px !important;  }  } <\/style><div class=\"ld-fancy-heading ld_fancy_heading_69f4492c1ed29\">\n\t<h2 class=\"ld-fh-element lqd-highlight-underline lqd-highlight-grow-left text-decoration-default lqd-split-chars\"   data-split-text=\"true\" data-split-options='{\"type\":\"chars, words\"}' data-custom-animations=\"true\" data-ca-options='{\"triggerHandler\":\"inview\",\"animationTarget\":\".lqd-chars > .split-inner\",\"duration\":\"1600\",\"randomizeInitValues\":true,\"delay\":\"80\",\"ease\":\"bounce.inOut\",\"direction\":\"random\",\"initValues\":{\"transformOriginY\":100,\"opacity\":0},\"animations\":{\"transformOriginY\":100,\"opacity\":1}}'>  Ab-out<\/h2><\/div>[\/vc_column][vc_column enable_content_animation=\u00bbyes\u00bb ca_init_scale_x=\u00bb1&#8243; ca_init_scale_y=\u00bb1&#8243; ca_init_origin_x=\u00bb0%\u00bb ca_init_opacity=\u00bb1&#8243; ca_an_scale_x=\u00bb1&#8243; ca_an_scale_y=\u00bb1&#8243; ca_an_opacity=\u00bb1&#8243; ca_duration=\u00bb1600&#8243; ca_delay=\u00bb120&#8243; ca_init_translate_y=\u00bb30&#8243; ca_init_rotate_z=\u00bb5&#8243; ca_start_delay=\u00bb650&#8243; offset=\u00bbvc_col-md-3&#8243;]<style>.ld_spacer_69f4492c1f04f{height:35px;}@media (min-width: 992px) { .ld_spacer_69f4492c1f04f{height:200px};}@media (min-width: 1200px) { .ld_spacer_69f4492c1f04f{height:250px};}<\/style>\n<div class=\"ld-empty-space ld_spacer_69f4492c1f04f\"><\/div><style>.ld_fancy_heading_69f4492c1f217 p{color:rgb(241, 214, 173);}.ld_fancy_heading_69f4492c1f217 p {font-size:15px; } .ld_fancy_heading_69f4492c1f217 p {line-height:1.33em; } .ld_fancy_heading_69f4492c1f217 p {--element-line-height:1.33em; } .ld_fancy_heading_69f4492c1f217 p {margin-bottom:2em !important;  } @media (min-width: 992px) { .ld_fancy_heading_69f4492c1f217 p {margin-left:-50% !important;  }  } .ld_fancy_heading_69f4492c1f217 .lqd-highlight-inner{height:0.275em!important;bottom:0px!important;}.ld_fancy_heading_69f4492c1f217 p {font-size:15px; } .ld_fancy_heading_69f4492c1f217 p {line-height:1.33em; } .ld_fancy_heading_69f4492c1f217 p {--element-line-height:1.33em; } .ld_fancy_heading_69f4492c1f217 p {margin-bottom:2em !important;  } @media (min-width: 992px) { .ld_fancy_heading_69f4492c1f217 p {margin-left:-50% !important;  }  } <\/style><div class=\"ld-fancy-heading mask-text ld_fancy_heading_69f4492c1f217\">\n\t<p class=\"ld-fh-element lqd-highlight-underline lqd-highlight-grow-left text-decoration-default lqd-split-lines\"   data-split-text=\"true\" data-split-options='{\"type\":\"lines\"}'>  Soy David Raboso y aqu\u00ed va algo sobre sobre m\u00ed y lo que me motiva a escribir. Soy tecn\u00f3logo y padre de dos j\u00f3venes incre\u00edbles que aman a Dios y a los dem\u00e1s de una manera que me hace parecer bastante malo en comparaci\u00f3n. Estoy casado con una mujer encantadora que puede organizar el mundo y a\u00fan as\u00ed tener tiempo para pasar horas frente a Dios.<\/p>\n<p>Estudi\u00e9 en una renombrada escuela b\u00edblica evang\u00e9lica, pero he tenido que volver a estudiar casi todo lo que aprend\u00ed para asegurarme de que puedo separar las mentiras de la verdad.<\/p><\/div><style>.ld_fancy_heading_69f4492c1f3f7 p{color:rgb(241, 214, 173);}.ld_fancy_heading_69f4492c1f3f7 p {font-size:25px; } .ld_fancy_heading_69f4492c1f3f7 p {line-height:1.16em; } .ld_fancy_heading_69f4492c1f3f7 p {--element-line-height:1.16em; } .ld_fancy_heading_69f4492c1f3f7 p {margin-bottom:1em !important;  } @media (min-width: 992px) { .ld_fancy_heading_69f4492c1f3f7 p {margin-left:-50% !important;  }  } .ld_fancy_heading_69f4492c1f3f7 .lqd-highlight-inner{height:0.275em!important;bottom:0px!important;}.ld_fancy_heading_69f4492c1f3f7 p {font-size:25px; } .ld_fancy_heading_69f4492c1f3f7 p {line-height:1.16em; } .ld_fancy_heading_69f4492c1f3f7 p {--element-line-height:1.16em; } .ld_fancy_heading_69f4492c1f3f7 p {margin-bottom:1em !important;  } @media (min-width: 992px) { .ld_fancy_heading_69f4492c1f3f7 p {margin-left:-50% !important;  }  } <\/style><div class=\"ld-fancy-heading mask-text ld_fancy_heading_69f4492c1f3f7\">\n\t<p class=\"ld-fh-element lqd-highlight-underline lqd-highlight-grow-left text-decoration-default lqd-split-lines\"   data-split-text=\"true\" data-split-options='{\"type\":\"lines\"}'>  \u00bfDesea conectarse?<br \/>Env\u00ede un mensaje.<\/p><\/div><style>.ld_fancy_heading_69f4492c1f77a p{color:rgb(241, 214, 173);}.ld_fancy_heading_69f4492c1f77a p {font-size:25px; } .ld_fancy_heading_69f4492c1f77a p {line-height:1.16em; } .ld_fancy_heading_69f4492c1f77a p {--element-line-height:1.16em; } .ld_fancy_heading_69f4492c1f77a p {margin-bottom:1.25em !important;  } @media (min-width: 992px) { .ld_fancy_heading_69f4492c1f77a p {margin-left:-50% !important;  }  } .ld_fancy_heading_69f4492c1f77a .lqd-highlight-inner{height:0.275em!important;bottom:0px!important;}.ld_fancy_heading_69f4492c1f77a p {font-size:25px; } .ld_fancy_heading_69f4492c1f77a p {line-height:1.16em; } .ld_fancy_heading_69f4492c1f77a p {--element-line-height:1.16em; } .ld_fancy_heading_69f4492c1f77a p {margin-bottom:1.25em !important;  } @media (min-width: 992px) { .ld_fancy_heading_69f4492c1f77a p {margin-left:-50% !important;  }  } <\/style><div class=\"ld-fancy-heading mask-text ld_fancy_heading_69f4492c1f77a\">\n\t<p class=\"ld-fh-element lqd-highlight-underline lqd-highlight-grow-left text-decoration-default lqd-split-lines\"   data-split-text=\"true\" data-split-options='{\"type\":\"lines\"}'>  david@godbeyond.com<\/p><\/div>[\/vc_column][\/vc_row][vc_row css=\u00bb.vc_custom_1653828410678{background-color: #020202 !important;}\u00bb][vc_column]<style>.ld_fancy_heading_69f4492c1f92c p{color:rgb(255, 255, 255);}.ld_fancy_heading_69f4492c1f92c .lqd-highlight-inner{height:0.275em!important;bottom:0px!important;}<\/style><div class=\"ld-fancy-heading ld_fancy_heading_69f4492c1f92c\">\n\t<p class=\"ld-fh-element lqd-highlight-underline lqd-highlight-grow-left text-decoration-default\"   >  Monty Python sabiamente dijo, \u00abnadie espera la Inquisici\u00f3n espa\u00f1ola\u00bb. Lo s\u00e9 bien. Ten\u00edan toda la raz\u00f3n. S\u00e9 que ni mi mujer, ni yo no la esper\u00e1bamos y, sin embargo, el misionero a largo plazo que invitamos a plantar una iglesia con nosotros, demostr\u00f3 nuestra estupidez.<\/p>\n<p>Mis profesores de Moody tampoco me hab\u00edan advertido que era una posibilidad. La iglesia que me vio crecer solo fue capaz de ofrecer una demostraci\u00f3n m\u00e1s de esta realidad pero, de nuevo, ninguna advertencia.<\/p>\n<p>No obstante esas son solamente excusas. No esper\u00e1bamos ese tipo de oposici\u00f3n y mucho menos dentro del Cuerpo de Cristo, porque no cre\u00edmos lo suficiente a Jes\u00fas ni a Pablo, Pedro o Judas&#8230; Entonces, cuando un misionero y profesor de seminario con m\u00e1s de 30 a\u00f1os en el pa\u00eds y\u00a0 amado por todos, compa\u00f1ero ministerial, te pregunta a ti y a su mujer en conversaciones separadas, con dos d\u00edas de diferencia, si tienes un buen seguro de vida, no hay manera de entender lo que est\u00e1 pasando realmente. Pero est\u00e1 claro que ya hab\u00edan habido demasiadas preguntas a las supuestas escuelas cristianas donde se supon\u00eda hab\u00eda estudiado y hab\u00eda quedado claro que no negociar\u00edamos con sus dudas sobre cu\u00e1ntos dioses hab\u00eda, realmente, o sobre sus iconos en la cartera o su ense\u00f1anza pante\u00edsta ahora ya p\u00fablica y notoria para todos.<\/p>\n<p>Su presi\u00f3n por ense\u00f1ar jesuitismo y misticismo a nuestra incipiente congregaci\u00f3n y el trabajo duro de investigaci\u00f3n (ahora entiendo dirigido por el Esp\u00edritu Santo) fue lo \u00fanico que hizo que se despertara nuestra curiosidad y que acabara su trabajo p\u00fablico en este pa\u00eds.<\/p>\n<p>Sin embargo, esto es culpa nuestra, no de Yah. Ni de las Escrituras. Ni de Jes\u00fas. Nuestra culpa \u00fanicamente.<\/p>\n<p>Ahora estoy convencido de que hay otra realidad mucho m\u00e1s grande que gente como \u00e9l se esfuerza en conseguir que no esperemos en nuestras iglesias ni en ning\u00fan lugar. No esperamos ni el terrible D\u00eda del Se\u00f1or que vez tras vez \u00c9l prometi\u00f3 devastar\u00eda \u00abtodas\u00bb nuestras ciudades, ni la llegada del Reino de Dios, ni la esperanza de la eternidad futura y su santa ciudad que descender\u00e1 y en la que habitar\u00e1 \u00c9l mismo con nosotros por siempre.<\/p>\n<p>Esperamos buenos servicios dominicales, esperamos que nuestros miembros den dinero para mantener las infraestructuras que construimos o alquilamos, esperamos que traigan a la gente a eventos especiales para que puedan escuchar al predicador y esperar que no se equivoque demasiado ese d\u00eda para poder mantener el factor de verg\u00fcenza m\u00e1s bajo posible.<\/p>\n<p>Estamos emocionados esperando que Egipto nos salve. Bill Bright (Campus Crusade\/Agape), Cunningham (Youth with a Mission\/JCUM) y Francis Schaeffer (el fil\u00f3sofo padre del conservadurismo evang\u00e9lico del s. XX) recibieron hace a\u00f1os una terriblemente her\u00e9tica \u00abvisi\u00f3n de Dios\u00bb para hacer que la Iglesia se hiciera cargo de la pol\u00edtica, la educaci\u00f3n, los negocios, las artes &#8230; todo ello para preparar el camino para que Jes\u00fas pudiera encontrar el trabajo hecho en la Tierra y pudiera considerar regresar. Nos dieron la gran comisi\u00f3n de las 7 esferas. Supongo que entonces alguien se dio cuenta de que Google no era amigo de los cristianos que buscaban el significado de \u00ablas siete esferas\u00bb y decidieron cambiarlo por \u00absiete colinas\u00bb sabiendo muy bien que los cristianos tampoco buscar\u00edan esa expresi\u00f3n en sus Biblias porque es que \u201crealmente ya no vale la pena estudiar escatolog\u00eda\u00bb como sugiere Rick Warren (\u201cAmerica\u2019s Pastor\u201d y disc\u00edpulo de Robert H. Schuller, disc\u00edpulo del \u201cpastor\u201d ocultista de Donald Trump, Norman Vincent Peale).<\/p>\n<p>Estas grandes luminarias evang\u00e9licas tambi\u00e9n hicieron un fant\u00e1stico trabajo de ocultar, hasta hace bien poco, que ellos eran los promotores reales a la sombra de esta agenda y no los locos de la risa de Toronto y sus amigos de la Nueva Reforma Apost\u00f3lica.<\/p>\n<p>Nos emociona que Satan\u00e1s est\u00e9 derribando su propio andamio de ped\u00f3filos y psic\u00f3patas para que aprendamos a amar su ut\u00f3pica pesadilla trastornada. Su propio \u00abreino de dios\u00bb, como dijo su sirviente Elena P. Blavatsky, su Nuevo Orden despu\u00e9s que el malvado \u00abpoli malo\u00bb del Nuevo Orden Mundial sea implosionado y todos estemos exhaustos, y sea la propia Iglesia la que traiga el reino de Lucifer, como dijo su seguidora Alice Bailey&#8230;<\/p>\n<p>Hace mucho tiempo, unos 17 siglos, que decidimos que era mejor no esperar que los Hijos de Dios pudieran sanar a los enfermos y echasen fuera demonios en el Nombre de Jes\u00fas como parte normal y esperada de cualquier disc\u00edpulo de Jes\u00fas. Solo de vez en cuando aparec\u00eda un Wesley y volcaba ese carrito de manzanas, pero nuestras instituciones r\u00e1pidamente lograron ocultar sus notas personales de la vista de la mayor\u00eda, incluso de los estudiantes del propio seminario que lleva su nombre. Lo mismo hicieron con los encuentros con el Esp\u00edritu Santo de personas como Moody o el Dr. Martyn Lloyd-Jones. Celebramos sus n\u00fameros, construimos nuevas instituciones a su alrededor, pero ignoramos y encubrimos la Fuente de su poder. Se convierten en \u00abgrandes l\u00edderes\u00bb que otros pueden dejar de emular por sentirse in\u00fatiles al compararse a ellos. Sus proezas ser\u00edan la vida normal de un cristiano medio en los primeros tres siglos de los del Camino. Ahora son h\u00e9roes que \u00fanicamente surgen en momentos especiales de \u00abavivamiento\u00bb.<\/p>\n<p>Tertuliano dijo en el a\u00f1o 180 que los cristianos eran MAYOR\u00cdA en TODAS las ciudades del imperio. A esos cristianos se les conoc\u00eda como individuos, no como grupos. Su estrategia era b\u00e1sica y demoledora: vivir el serm\u00f3n del Monte d\u00eda s\u00ed y d\u00eda tambi\u00e9n y hacer disc\u00edpulos que hicieras disc\u00edpulos que tambi\u00e9n vivieran como ellos. Simple.<\/p>\n<p>Una vez m\u00e1s, es NUESTRA culpa. No de Yah, no de las Escrituras, no de Jes\u00fas, ni siquiera de la historia, porque los documentos est\u00e1n ah\u00ed disponibles para el que quiera leer. Nuestra culpa. La poseemos.<\/p>\n<p>En alg\u00fan momento decidimos que nuestro mandato era predicar el Evangelio de las 4 leyes espirituales de Bill Bright (el de las 7 esferas). Despu\u00e9s, ni siquiera se necesitaba arrepentimiento.<\/p>\n<p>En cualquier caso, olvidamos que el bautismo no era una ocurrencia tard\u00eda del creyente, sino una muerte y resurrecci\u00f3n muy real a una nueva vida en Jesucristo y con Jesucristo. En alg\u00fan momento nos olvidamos de proclamar que EL Reino de Dios llegar\u00e1 aplastando lo que Satan\u00e1s ha creado. Vendr\u00e1 de manera ruidosa, de una manera que nadie se perder\u00e1. De una forma aterradora para la mayor\u00eda. El Hijo de Dios literalmente rompiendo el firmamento (\u00bfrecordamos el significado de esa palabra?) Desde el Cielo arriba, rasgando el cielo azul o nocturno para revelar a todos el trono de nuestro Padre y a Su Hijo con sus \u00e1ngeles descendiendo a tomar posesi\u00f3n de lo suyo.<\/p>\n<p>Elegimos creer a los gn\u00f3sticos y su basura \u00abespiritual\u00bb y olvidamos que nuestro Creador hizo todo para nuestro disfrute y que vio que todo lo que hizo era BUENO, que lo material era bueno, no es un plan B, no es un holograma, no es una emanaci\u00f3n de los pensamientos de Dios, no es virtual. La materia, la tierra, lo que hay bajo el cielo, es real y buena y est\u00e1 aqu\u00ed para renovarse y\u00a0 quedarse.<\/p>\n<p>As\u00ed que se hizo f\u00e1cil para nosotros olvidar que se supon\u00eda que deb\u00edamos mirar hacia adelante y proclamar a todos que \u00c9l regresar\u00e1 y que es mejor que se preparen y se arrepientan del pecado o ser\u00e1n aplastados por \u00c9l. Olvidamos lo que Abraham estaba esperando. Esa eternidad futura en una tierra renovada que Isa\u00edas, David, Zacar\u00edas, Malaqu\u00edas, Pablo y Pedro y muchos otros predicaron y esperaban que pasara despu\u00e9s de mil a\u00f1os de Reino prometido a un Israel arrepentido y compungido de coraz\u00f3n por haber sido el aguij\u00f3n en la carne y madre de todas las Rameras espirituales de esta agotada tierra, que cae enferma seg\u00fan Isa\u00edas.<\/p>\n<p>Despu\u00e9s de que Satan\u00e1s sea liberado una vez m\u00e1s para atrapar a las naciones con sus mentiras&#8230; olvidamos que la esperanza de todos estos hombres de Dios estaba en un cielo nuevo y una tierra nueva. Olvidamos que su esperanza estaba en la Nueva Jerusal\u00e9n, una ciudad real y asombrosa del tama\u00f1o de la mayor parte de Europa, que descender\u00eda del cielo y donde Dios morar\u00eda con el hombre para siempre. ESO son buenas noticias.<\/p>\n<p>Y olvidamos que tenemos el poder, el mandato y la oportunidad de demostrar a un mundo moribundo que nos rodea que este Reino ha estado \u00abcerca\u00bb durante dos mil a\u00f1os. Olvidamos que ten\u00edamos que sanar a los enfermos y echar fuera demonios para que el hombre nos crea cuando decimos que el Rey viene y que necesitan arrepentirse y creer en ese Evangelio y bautizarse para perd\u00f3n de sus pecados y ser libres para vivir vidas realmente victoriosas de amor a Dios y a los hombres, incluso a los que les odian.<\/p>\n<p>Olvidamos, y es nuestra culpa, y la culpa de nuestros maestros, y la culpa de nuestro pastor y la culpa de nuestros padres &#8230; Pero al final del d\u00eda es mi culpa y es tu culpa.<\/p>\n<p>Que Dios tenga misericordia de nosotros y nos conceda un poco m\u00e1s de tiempo para que podamos obtener suficiente aceite para estar listos cuando \u00c9l venga.<\/p><\/div>[\/vc_column][\/vc_row]<\/p>\n","protected":false},"excerpt":{"rendered":"<p>[vc_row content_placement=\u00bbmiddle\u00bb enable_content_animation=\u00bbyes\u00bb ca_init_scale_x=\u00bb1&#8243; ca_init_scale_y=\u00bb1&#8243; ca_init_opacity=\u00bb0&#8243; ca_an_scale_x=\u00bb1&#8243; ca_an_scale_y=\u00bb1&#8243; ca_an_opacity=\u00bb1&#8243; bg_position=\u00bbcustom\u00bb css=\u00bb.vc_custom_1653828400339{padding-top: 80px !important;padding-bottom: 80px !important;background-color: #020202 !important;}\u00bb ca_duration=\u00bb1600&#8243; ca_delay=\u00bb180&#8243; ca_init_translate_x=\u00bb0&#8243; ca_init_translate_y=\u00bb60&#8243; responsive_css=\u00bbpadding_top_medium:120px|padding_bottom_medium:120px\u00bb bg_pos_h=\u00bb20vw\u00bb bg_pos_v=\u00bb0%\u00bb][vc_column width=\u00bb3\/4&#8243;][\/vc_column][vc_column enable_content_animation=\u00bbyes\u00bb ca_init_scale_x=\u00bb1&#8243; ca_init_scale_y=\u00bb1&#8243; ca_init_origin_x=\u00bb0%\u00bb ca_init_opacity=\u00bb1&#8243; ca_an_scale_x=\u00bb1&#8243; ca_an_scale_y=\u00bb1&#8243; ca_an_opacity=\u00bb1&#8243; ca_duration=\u00bb1600&#8243; ca_delay=\u00bb120&#8243; ca_init_translate_y=\u00bb30&#8243; ca_init_rotate_z=\u00bb5&#8243; ca_start_delay=\u00bb650&#8243; offset=\u00bbvc_col-md-3&#8243;][\/vc_column][\/vc_row][vc_row css=\u00bb.vc_custom_1653828410678{background-color: #020202 !important;}\u00bb][vc_column][\/vc_column][\/vc_row]<\/p>\n","protected":false},"author":1,"featured_media":0,"parent":0,"menu_order":0,"comment_status":"closed","ping_status":"closed","template":"","meta":{"footnotes":""},"class_list":["post-5666","page","type-page","status-publish","hentry"],"jetpack_sharing_enabled":true,"_links":{"self":[{"href":"https:\/\/godbeyond.com\/es\/wp-json\/wp\/v2\/pages\/5666","targetHints":{"allow":["GET"]}}],"collection":[{"href":"https:\/\/godbeyond.com\/es\/wp-json\/wp\/v2\/pages"}],"about":[{"href":"https:\/\/godbeyond.com\/es\/wp-json\/wp\/v2\/types\/page"}],"author":[{"embeddable":true,"href":"https:\/\/godbeyond.com\/es\/wp-json\/wp\/v2\/users\/1"}],"replies":[{"embeddable":true,"href":"https:\/\/godbeyond.com\/es\/wp-json\/wp\/v2\/comments?post=5666"}],"version-history":[{"count":3,"href":"https:\/\/godbeyond.com\/es\/wp-json\/wp\/v2\/pages\/5666\/revisions"}],"predecessor-version":[{"id":5670,"href":"https:\/\/godbeyond.com\/es\/wp-json\/wp\/v2\/pages\/5666\/revisions\/5670"}],"wp:attachment":[{"href":"https:\/\/godbeyond.com\/es\/wp-json\/wp\/v2\/media?parent=5666"}],"curies":[{"name":"wp","href":"https:\/\/api.w.org\/{rel}","templated":true}]}}